{"id":646,"date":"2023-07-14T12:02:55","date_gmt":"2023-07-14T16:02:55","guid":{"rendered":"https:\/\/candle-events.com\/fr\/?page_id=646"},"modified":"2023-07-31T11:09:16","modified_gmt":"2023-07-31T15:09:16","slug":"contact","status":"publish","type":"page","link":"https:\/\/candle-events.com\/fr\/contact\/","title":{"rendered":"Contact"},"content":{"rendered":"\n<div style=\"background-image: url('https:\/\/candle-events.com\/fr\/wp-content\/uploads\/2023\/07\/Candle-0034.jpg'); background-position: top\">\n\n\n\n<div style=\"height:50px\" aria-hidden=\"true\" class=\"wp-block-spacer\"><\/div>\n\n\n\n<div class=\"container text-white\">\n\n\n\n<h2 class=\"wp-block-heading\">Contactez-nous<\/h2>\n\n\n\n<\/div>\n\n\n\n<div style=\"height:50px\" aria-hidden=\"true\" class=\"wp-block-spacer\"><\/div>\n\n\n\n<\/div>\n<div class=\"container-fluid p-0\">\n\n\n\n<div class=\"wp-block-columns p-0 m-0 no-gap is-layout-flex wp-container-core-columns-is-layout-9d6595d7 wp-block-columns-is-layout-flex\">\n<div class=\"wp-block-column is-layout-flow wp-block-column-is-layout-flow\">\n<div style=\"height: 100%; min-height: 800px\">\n  <div style=\"height: 50%; position: relative\">\n    <div style=\"position: absolute; top: 50%; left: 50%; width: 100%; max-width: 350px; transform: translate(-50%,-50%);\">\n    <h2>O\u00f9 nous trouver?<\/h2>\n    <br \/>\n    <div class=\"row\">\n      <div class=\"col-md-12 col-12 py-3\">\n        <div class=\"has-icon\">\n          <img decoding=\"async\"\n            src=\"https:\/\/candle-events.com\/wp-content\/uploads\/2023\/07\/map-marker-black.svg\"\n          \/>\n          <span>Quai de l\u2019\u00eele 13, CH 1204, <br \/>Geneva, Switzerland<\/span>\n        <\/div>\n      <\/div>\n      <div class=\"col-md-12 col-12 py-3\">\n        <div class=\"has-icon\">\n          <img decoding=\"async\"\n            src=\"https:\/\/candle-events.com\/wp-content\/uploads\/2023\/07\/call-black.svg\"\n          \/>\n          <span>+41 (0)22 506 43 22<\/span>\n        <\/div>\n      <\/div>\n      <div class=\"col-md-12 col-12 py-3\">\n        <div class=\"has-icon\">\n          <img decoding=\"async\"\n            src=\"https:\/\/candle-events.com\/wp-content\/uploads\/2023\/07\/mail-black.svg\"\n          \/>\n          <span>info@candle-events.com<\/span>\n        <\/div>\n      <\/div>\n    <\/div>\n  <\/div>\n<\/div>\n  <div\n    style=\"\n      height: 50%;\n      background-image: url('https:\/\/candle-events.com\/wp-content\/uploads\/2023\/07\/4319_1-2.jpg');\n      background-size: cover;\n      background-repeat: no-repeat;\n      background-position: center;\n    \"\n  ><\/div>\n<\/div>\n<\/div>\n\n\n\n<div class=\"wp-block-column is-layout-flow wp-block-column-is-layout-flow\">\n<div style=\"background: #EEE; height: 100%\" class=\"p-5\">\n\n\n\n<p><strong>O\u00f9 nous trouver?<\/strong><\/p>\n\n\n\n<p>Profitez de notre expertise pour trouver la solution la mieux adapt\u00e9e \u00e0 vos besoins.<\/p>\n\n\n\n<p>Contactez-nous aujourd&rsquo;hui!<\/p>\n\n\n<div class=\"wpforms-container wpforms-container-full wpforms-render-modern\" id=\"wpforms-1041\"><form id=\"wpforms-form-1041\" class=\"wpforms-validate wpforms-form wpforms-ajax-form\" data-formid=\"1041\" method=\"post\" enctype=\"multipart\/form-data\" action=\"\/fr\/wp-json\/wp\/v2\/pages\/646\" data-token=\"72ff9c5596670ef50bf9617e0ce5dede\" data-token-time=\"1775317087\"><noscript class=\"wpforms-error-noscript\">Veuillez activer JavaScript dans votre navigateur pour remplir ce formulaire.<\/noscript><div class=\"wpforms-hidden\" id=\"wpforms-error-noscript\">Veuillez activer JavaScript dans votre navigateur pour remplir ce formulaire.<\/div><div class=\"wpforms-field-container\"><div id=\"wpforms-1041-field_8-container\" class=\"wpforms-field wpforms-field-text\" data-field-id=\"8\"><label class=\"wpforms-field-label\" for=\"wpforms-1041-field_8\">Nom <span class=\"wpforms-required-label\" aria-hidden=\"true\">*<\/span><\/label><input type=\"text\" id=\"wpforms-1041-field_8\" class=\"wpforms-field-large wpforms-field-required\" name=\"wpforms[fields][8]\" aria-errormessage=\"wpforms-1041-field_8-error\" required><\/div><div id=\"wpforms-1041-field_9-container\" class=\"wpforms-field wpforms-field-text\" data-field-id=\"9\"><label class=\"wpforms-field-label\" for=\"wpforms-1041-field_9\">Nom de famille <span class=\"wpforms-required-label\" aria-hidden=\"true\">*<\/span><\/label><input type=\"text\" id=\"wpforms-1041-field_9\" class=\"wpforms-field-large wpforms-field-required\" name=\"wpforms[fields][9]\" aria-errormessage=\"wpforms-1041-field_9-error\" required><\/div><div id=\"wpforms-1041-field_6-container\" class=\"wpforms-field wpforms-field-email\" data-field-id=\"6\"><label class=\"wpforms-field-label\" for=\"wpforms-1041-field_6\">E-mail <span class=\"wpforms-required-label\" aria-hidden=\"true\">*<\/span><\/label><input type=\"email\" id=\"wpforms-1041-field_6\" class=\"wpforms-field-large wpforms-field-required\" name=\"wpforms[fields][6]\" spellcheck=\"false\" aria-errormessage=\"wpforms-1041-field_6-error\" required><\/div><div id=\"wpforms-1041-field_3-container\" class=\"wpforms-field wpforms-field-text\" data-field-id=\"3\"><label class=\"wpforms-field-label\" for=\"wpforms-1041-field_3\">Pays <span class=\"wpforms-required-label\" aria-hidden=\"true\">*<\/span><\/label><input type=\"text\" id=\"wpforms-1041-field_3\" class=\"wpforms-field-large wpforms-field-required\" name=\"wpforms[fields][3]\" aria-errormessage=\"wpforms-1041-field_3-error\" required><\/div><div id=\"wpforms-1041-field_11-container\" class=\"wpforms-field wpforms-field-text\" data-field-id=\"11\"><label class=\"wpforms-field-label\" for=\"wpforms-1041-field_11\">Ville <span class=\"wpforms-required-label\" aria-hidden=\"true\">*<\/span><\/label><input type=\"text\" id=\"wpforms-1041-field_11\" class=\"wpforms-field-large wpforms-field-required\" name=\"wpforms[fields][11]\" aria-errormessage=\"wpforms-1041-field_11-error\" required><\/div><div id=\"wpforms-1041-field_10-container\" class=\"wpforms-field wpforms-field-select wpforms-field-select-style-modern\" data-field-id=\"10\"><label class=\"wpforms-field-label\" for=\"wpforms-1041-field_10\">Type d&#039;\u00e9v\u00e9nement<\/label><select id=\"wpforms-1041-field_10\" class=\"wpforms-field-large choicesjs-select\" data-size-class=\"wpforms-field-row wpforms-field-large\" data-search-enabled=\"\" name=\"wpforms[fields][10]\"><option value=\"\" class=\"placeholder\" disabled  selected='selected'>H\u00f4te\/H\u00f4tesse - Promotion Et Marketing<\/option><option value=\"H\u00f4te\/H\u00f4tesse - Promotion Et Marketing\" >H\u00f4te\/H\u00f4tesse - Promotion Et Marketing<\/option><option value=\"H\u00f4te\/H\u00f4tesse - Accueil et accueil\" >H\u00f4te\/H\u00f4tesse - Accueil et accueil<\/option><option value=\"Agents de s\u00e9curit\u00e9\" >Agents de s\u00e9curit\u00e9<\/option><option value=\"Mod\u00e8les pour d\u00e9fil\u00e9 de mode ou shooting photo\" >Mod\u00e8les pour d\u00e9fil\u00e9 de mode ou shooting photo<\/option><option value=\"Coordonnatrice d&#039;\u00e9v\u00e9nements hors-jeu et teambuilding\" >Coordonnatrice d&#039;\u00e9v\u00e9nements hors-jeu et teambuilding<\/option><\/select><\/div><div id=\"wpforms-1041-field_2-container\" class=\"wpforms-field wpforms-field-textarea\" data-field-id=\"2\"><label class=\"wpforms-field-label\" for=\"wpforms-1041-field_2\">Commentaire ou message<\/label><textarea id=\"wpforms-1041-field_2\" class=\"wpforms-field-medium\" name=\"wpforms[fields][2]\" aria-errormessage=\"wpforms-1041-field_2-error\" ><\/textarea><\/div><div id=\"wpforms-1041-field_7-container\" class=\"wpforms-field wpforms-field-checkbox\" data-field-id=\"7\"><fieldset><legend class=\"wpforms-field-label\">GDPR <span class=\"wpforms-required-label\" aria-hidden=\"true\">*<\/span><\/legend><ul id=\"wpforms-1041-field_7\" class=\"wpforms-field-required\"><li class=\"choice-1 depth-1\"><input type=\"checkbox\" id=\"wpforms-1041-field_7_1\" name=\"wpforms[fields][7][]\" value=\"Dans le respect de la r\u00e9glementation GDPR, en cochant cette case, vous acceptez de partager ces informations et d&#039;\u00eatre contact\u00e9. Vous pouvez demander l&#039;acc\u00e8s et demander l&#039;effacement de vos donn\u00e9es en contactant notre \u00e9quipe.\" aria-errormessage=\"wpforms-1041-field_7_1-error\" required ><label class=\"wpforms-field-label-inline\" for=\"wpforms-1041-field_7_1\">Dans le respect de la r\u00e9glementation GDPR, en cochant cette case, vous acceptez de partager ces informations et d'\u00eatre contact\u00e9. Vous pouvez demander l'acc\u00e8s et demander l'effacement de vos donn\u00e9es en contactant notre \u00e9quipe.<\/label><\/li><\/ul><\/fieldset><\/div><\/div><!-- .wpforms-field-container --><div class=\"wpforms-recaptcha-container wpforms-is-recaptcha wpforms-is-recaptcha-type-v3\" ><input type=\"hidden\" name=\"wpforms[recaptcha]\" value=\"\"><\/div><div class=\"wpforms-submit-container\" ><input type=\"hidden\" name=\"wpforms[id]\" value=\"1041\"><input type=\"hidden\" name=\"page_title\" value=\"\"><input type=\"hidden\" name=\"page_url\" value=\"https:\/\/candle-events.com\/fr\/wp-json\/wp\/v2\/pages\/646\"><button type=\"submit\" name=\"wpforms[submit]\" id=\"wpforms-submit-1041\" class=\"wpforms-submit\" data-alt-text=\"Envoi en cours...\" data-submit-text=\"Soumettre\" aria-live=\"assertive\" value=\"wpforms-submit\">Soumettre<\/button><img loading=\"lazy\" decoding=\"async\" src=\"https:\/\/candle-events.com\/fr\/wp-content\/plugins\/wpforms-lite\/assets\/images\/submit-spin.svg\" class=\"wpforms-submit-spinner\" style=\"display: none;\" width=\"26\" height=\"26\" alt=\"Chargement en cours\"><\/div><\/form><\/div>  <!-- .wpforms-container -->\n\n\n\n<\/div>\n<\/div>\n<\/div>\n\n\n\n<\/div>\n","protected":false},"excerpt":{"rendered":"<p>Contactez-nous O\u00f9 nous trouver? Quai de l\u2019\u00eele 13, CH 1204, Geneva, Switzerland +41 (0)22 506 43 22 info@candle-events.com O\u00f9 nous trouver? Profitez de notre expertise pour trouver la solution la mieux adapt\u00e9e \u00e0 vos besoins. Contactez-nous aujourd&rsquo;hui!<\/p>\n","protected":false},"author":1,"featured_media":0,"parent":0,"menu_order":0,"comment_status":"closed","ping_status":"closed","template":"","meta":{"footnotes":""},"class_list":["post-646","page","type-page","status-publish","hentry"],"_links":{"self":[{"href":"https:\/\/candle-events.com\/fr\/wp-json\/wp\/v2\/pages\/646","targetHints":{"allow":["GET"]}}],"collection":[{"href":"https:\/\/candle-events.com\/fr\/wp-json\/wp\/v2\/pages"}],"about":[{"href":"https:\/\/candle-events.com\/fr\/wp-json\/wp\/v2\/types\/page"}],"author":[{"embeddable":true,"href":"https:\/\/candle-events.com\/fr\/wp-json\/wp\/v2\/users\/1"}],"replies":[{"embeddable":true,"href":"https:\/\/candle-events.com\/fr\/wp-json\/wp\/v2\/comments?post=646"}],"version-history":[{"count":32,"href":"https:\/\/candle-events.com\/fr\/wp-json\/wp\/v2\/pages\/646\/revisions"}],"predecessor-version":[{"id":1365,"href":"https:\/\/candle-events.com\/fr\/wp-json\/wp\/v2\/pages\/646\/revisions\/1365"}],"wp:attachment":[{"href":"https:\/\/candle-events.com\/fr\/wp-json\/wp\/v2\/media?parent=646"}],"curies":[{"name":"wp","href":"https:\/\/api.w.org\/{rel}","templated":true}]}}