{"id":640,"date":"2023-07-14T12:02:06","date_gmt":"2023-07-14T16:02:06","guid":{"rendered":"https:\/\/candle-events.com\/fr\/?page_id=640"},"modified":"2023-07-27T18:34:50","modified_gmt":"2023-07-27T22:34:50","slug":"services","status":"publish","type":"page","link":"https:\/\/candle-events.com\/fr\/services\/","title":{"rendered":"Services"},"content":{"rendered":"\n<div style=\"background-image: url('https:\/\/candle-events.com\/fr\/wp-content\/uploads\/2023\/07\/Candle-0034.jpg'); background-position: top\">\n\n\n\n<div style=\"height:50px\" aria-hidden=\"true\" class=\"wp-block-spacer\"><\/div>\n\n\n\n<div class=\"container text-white\">\n\n\n\n<h2 class=\"wp-block-heading\">Services<\/h2>\n\n\n\n<\/div>\n\n\n\n<div style=\"height:50px\" aria-hidden=\"true\" class=\"wp-block-spacer\"><\/div>\n\n\n\n<\/div>\n<div class=\"container\">\n\n\n\n<div style=\"height:50px\" aria-hidden=\"true\" class=\"wp-block-spacer\"><\/div>\n\n\n\n<div class=\"wp-block-columns is-layout-flex wp-container-core-columns-is-layout-9d6595d7 wp-block-columns-is-layout-flex\">\n<div class=\"wp-block-column is-layout-flow wp-block-column-is-layout-flow\" style=\"flex-basis:66.66%\">\n<div class=\"wp-block-columns are-vertically-aligned-center is-layout-flex wp-container-core-columns-is-layout-9d6595d7 wp-block-columns-is-layout-flex\">\n<div class=\"wp-block-column is-vertically-aligned-center is-layout-flow wp-block-column-is-layout-flow\" style=\"flex-basis:33.33%\">\n<div\n  id=\"carouselExampleIndicators\"\n  class=\"carousel slide\"\n  style=\"height: 300px\"\n  data-bs-ride=\"carousel\"\n>\n  <div class=\"carousel-inner\">\n    <div\n      class=\"carousel-item active\"\n      style=\"\n        height: 300px;\n        background-image: url('https:\/\/candle-events.com\/fr\/wp-content\/uploads\/2023\/07\/Candle-0048.jpg');\n        background-size: cover;\n        background-position: center right;\n        background-repeat: no-repeat;\n      \"\n    ><\/div>\n\n    <div\n      class=\"carousel-item\"\n      style=\"\n        height: 300px;\n        background-image: url('https:\/\/candle-events.com\/fr\/wp-content\/uploads\/2023\/07\/48E65DA9-D1F8-42D5-AEF7-0DAA413BFB90.jpg');\n        background-size: cover;\n        background-position: top center;\n        background-repeat: no-repeat;\n      \"\n    ><\/div>\n\n    <div\n      class=\"carousel-item\"\n      style=\"\n        height: 300px;\n        background-image: url('https:\/\/candle-events.com\/fr\/wp-content\/uploads\/2023\/07\/img-00005.jpg');\n        background-size: cover;\n        background-position: center;\n        background-repeat: no-repeat;\n      \"\n    ><\/div>\n\n    <div\n      class=\"carousel-item\"\n      style=\"\n        height: 300px;\n        background-image: url('https:\/\/candle-events.com\/fr\/wp-content\/uploads\/2023\/07\/img-00006.jpg');\n        background-size: cover;\n        background-position: center;\n        background-repeat: no-repeat;\n      \"\n    ><\/div>\n  <\/div>\n<\/div>\n<\/div>\n\n\n\n<div class=\"wp-block-column is-vertically-aligned-center is-layout-flow wp-block-column-is-layout-flow\" style=\"flex-basis:66.66%\">\n<h3 class=\"wp-block-heading\">Accueil &amp; Welcoming<\/h3>\n\n\n\n<p>Vous avez besoin d&rsquo;un h\u00f4te et\/ou d&rsquo;une h\u00f4tesse pour accueillir les clients, g\u00e9rer les accr\u00e9ditations, le vestiaire ou tout autre service \u00e9v\u00e9nementiel suppl\u00e9mentaire?<\/p>\n\n\n\n<p>Candle-Events met \u00e0 votre disposition un personnel professionnel, exp\u00e9riment\u00e9 et motiv\u00e9.<\/p>\n<\/div>\n<\/div>\n\n\n\n<div style=\"height:25px\" aria-hidden=\"true\" class=\"wp-block-spacer\"><\/div>\n\n\n\n<div class=\"wp-block-columns are-vertically-aligned-center is-layout-flex wp-container-core-columns-is-layout-9d6595d7 wp-block-columns-is-layout-flex\">\n<div class=\"wp-block-column is-vertically-aligned-center is-layout-flow wp-block-column-is-layout-flow\" style=\"flex-basis:33.33%\">\n<div\n  id=\"carouselExampleIndicators\"\n  class=\"carousel slide\"\n  style=\"height: 300px\"\n  data-bs-ride=\"carousel\"\n>\n  <div class=\"carousel-inner\">\n    <div\n      class=\"carousel-item active\"\n      style=\"\n        height: 300px;\n        background-image: url('https:\/\/candle-events.com\/fr\/wp-content\/uploads\/2023\/07\/NN_3292-2-scaled.jpg');\n        background-size: cover;\n        background-position: center;\n        background-repeat: no-repeat;\n      \"\n    ><\/div>\n\n    <div\n      class=\"carousel-item\"\n      style=\"\n        height: 300px;\n        background-image: url('https:\/\/candle-events.com\/fr\/wp-content\/uploads\/2023\/07\/14233528345846060119.jpg');\n        background-size: cover;\n        background-position: top center;\n        background-repeat: no-repeat;\n      \"\n    ><\/div>\n\n    <div\n      class=\"carousel-item\"\n      style=\"\n        height: 300px;\n        background-image: url('https:\/\/candle-events.com\/fr\/wp-content\/uploads\/2023\/07\/img-000007.jpg');\n        background-size: cover;\n        background-position: center;\n        background-repeat: no-repeat;\n      \"\n    ><\/div>\n  <\/div>\n<\/div>\n<\/div>\n\n\n\n<div class=\"wp-block-column is-vertically-aligned-center is-layout-flow wp-block-column-is-layout-flow\" style=\"flex-basis:66.66%\">\n<h3 class=\"wp-block-heading\">Promotion &amp; Marketing<\/h3>\n\n\n\n<p>Si vous organisez un lancement de produit, une conf\u00e9rence, un atelier client ou une activit\u00e9 de team building, profitez de l&rsquo;exp\u00e9rience de Candle dans la planification et la gestion d&rsquo;\u00e9v\u00e9nements.<\/p>\n\n\n\n<p>Notre \u00e9quipe se charge de toute la logistique, vous propose des solutions sur mesure pour r\u00e9pondre \u00e0 vos besoins et \u00e0 ceux de vos clients et vous aide \u00e0 tirer le meilleur parti de votre \u00e9v\u00e9nement.<\/p>\n<\/div>\n<\/div>\n\n\n\n<div style=\"height:26px\" aria-hidden=\"true\" class=\"wp-block-spacer\"><\/div>\n\n\n\n<div class=\"wp-block-columns are-vertically-aligned-center is-layout-flex wp-container-core-columns-is-layout-9d6595d7 wp-block-columns-is-layout-flex\">\n<div class=\"wp-block-column is-vertically-aligned-center is-layout-flow wp-block-column-is-layout-flow\" style=\"flex-basis:33.33%\">\n<div\n  id=\"carouselExampleIndicators\"\n  class=\"carousel slide\"\n  style=\"height: 300px\"\n  data-bs-ride=\"carousel\"\n>\n  <div class=\"carousel-inner\">\n    <div\n      class=\"carousel-item active\"\n      style=\"\n        height: 300px;\n        background-image: url('https:\/\/candle-events.com\/fr\/wp-content\/uploads\/2023\/07\/standard-quality-control-concept-m.jpg');\n        background-size: cover;\n        background-position: center;\n        background-repeat: no-repeat;\n      \"\n    ><\/div>\n\n\n\n\n    <div\n      class=\"carousel-item\"\n      style=\"\n        height: 300px;\n        background-image: url('https:\/\/candle-events.com\/fr\/wp-content\/uploads\/2023\/07\/8c3a27b9-8618-4d60-98f4-9d53b2609d20.jpg');\n        background-size: cover;\n        background-position: center;\n        background-repeat: no-repeat;\n      \"\n    ><\/div>\n\n    <div\n      class=\"carousel-item\"\n      style=\"\n        height: 300px;\n        background-image: url('https:\/\/candle-events.com\/fr\/wp-content\/uploads\/2023\/07\/05487414-f476-41a3-82ed-38acace63897.jpg');\n        background-size: cover;\n        background-position: center;\n        background-repeat: no-repeat;\n      \"\n    ><\/div>\n\n    <div\n      class=\"carousel-item\"\n      style=\"\n        height: 300px;\n        background-image: url('https:\/\/candle-events.com\/fr\/wp-content\/uploads\/2023\/07\/2e47f11f-4919-4dc6-bed9-a3f7b34706f4.jpg');\n        background-size: cover;\n        background-position: center;\n        background-repeat: no-repeat;\n      \"\n    ><\/div>\n\n    <div\n      class=\"carousel-item\"\n      style=\"\n        height: 300px;\n        background-image: url('https:\/\/candle-events.com\/fr\/wp-content\/uploads\/2023\/07\/security-guards-workspace.jpg');\n        background-size: cover;\n        background-position: center;\n        background-repeat: no-repeat;\n      \"\n    ><\/div>\n  <\/div>\n<\/div>\n<\/div>\n\n\n\n<div class=\"wp-block-column is-vertically-aligned-center is-layout-flow wp-block-column-is-layout-flow\" style=\"flex-basis:66.66%\">\n<h3 class=\"wp-block-heading\">Security &amp; Safety<\/h3>\n\n\n\n<p>La s\u00e9curit\u00e9 est primordiale dans l&rsquo;organisation de tout \u00e9v\u00e9nement, qu&rsquo;il s&rsquo;agisse d&rsquo;un festival de musique, d&rsquo;un concert, d&rsquo;un match de football ou de tout autre \u00e9v\u00e9nement. Quelle que soit la taille ou le type de lieu, des mesures appropri\u00e9es doivent \u00eatre prises pour prot\u00e9ger les personnes pr\u00e9sentes. En tant qu&rsquo;organisateur de l&rsquo;\u00e9v\u00e9nement, Candle-Events met \u00e0 disposition du personnel qualifi\u00e9 pour assurer la s\u00e9curit\u00e9 de chacun.<\/p>\n<\/div>\n<\/div>\n\n\n\n<div style=\"height:26px\" aria-hidden=\"true\" class=\"wp-block-spacer\"><\/div>\n\n\n\n<div class=\"wp-block-columns are-vertically-aligned-center is-layout-flex wp-container-core-columns-is-layout-9d6595d7 wp-block-columns-is-layout-flex\">\n<div class=\"wp-block-column is-vertically-aligned-center is-layout-flow wp-block-column-is-layout-flow\" style=\"flex-basis:33.33%\">\n<div\n  id=\"carouselExampleIndicators\"\n  class=\"carousel slide\"\n  style=\"height: 300px\"\n  data-bs-ride=\"carousel\"\n>\n  <div class=\"carousel-inner\">\n    <div\n      class=\"carousel-item active\"\n      style=\"\n        height: 300px;\n        background-image: url('https:\/\/candle-events.com\/fr\/wp-content\/uploads\/2023\/07\/IMG_5195.jpg');\n        background-size: cover;\n        background-position: center;\n        background-repeat: no-repeat;\n      \"\n    ><\/div>\n\n    <div\n      class=\"carousel-item\"\n      style=\"\n        height: 300px;\n        background-image: url('https:\/\/candle-events.com\/fr\/wp-content\/uploads\/2023\/07\/5.jpg');\n        background-size: cover;\n        background-position: center;\n        background-repeat: no-repeat;\n      \"\n    ><\/div>\n\n    <div\n      class=\"carousel-item\"\n      style=\"\n        height: 300px;\n        background-image: url('https:\/\/candle-events.com\/fr\/wp-content\/uploads\/2023\/07\/img-00008.jpg');\n        background-size: cover;\n        background-position: center;\n        background-repeat: no-repeat;\n      \"\n    ><\/div>\n  <\/div>\n<\/div>\n<\/div>\n\n\n\n<div class=\"wp-block-column is-vertically-aligned-center is-layout-flow wp-block-column-is-layout-flow\" style=\"flex-basis:66.66%\">\n<h3 class=\"wp-block-heading\">Defile de mode<\/h3>\n\n\n\n<p>Notre \u00e9quipe s&rsquo;occupera de toute la logistique, y compris la s\u00e9lection des mod\u00e8les, le maquillage, l&rsquo;airdressing, la pose des mod\u00e8les et la retouche des meilleures photos.<\/p>\n<\/div>\n<\/div>\n\n\n\n<div style=\"height:26px\" aria-hidden=\"true\" class=\"wp-block-spacer\"><\/div>\n\n\n\n<div class=\"wp-block-columns are-vertically-aligned-center is-layout-flex wp-container-core-columns-is-layout-9d6595d7 wp-block-columns-is-layout-flex\">\n<div class=\"wp-block-column is-vertically-aligned-center is-layout-flow wp-block-column-is-layout-flow\" style=\"flex-basis:33.33%\">\n<div\n  id=\"carouselExampleIndicators\"\n  class=\"carousel slide\"\n  style=\"height: 300px\"\n  data-bs-ride=\"carousel\"\n>\n  <div class=\"carousel-inner\">\n    <div\n      class=\"carousel-item active\"\n      style=\"\n        height: 300px;\n        background-image: url('https:\/\/candle-events.com\/fr\/wp-content\/uploads\/2023\/07\/img-00009.jpg');\n        background-size: cover;\n        background-position: center;\n        background-repeat: no-repeat;\n      \"\n    ><\/div>\n\n    <div\n      class=\"carousel-item\"\n      style=\"\n        height: 300px;\n        background-image: url('https:\/\/candle-events.com\/fr\/wp-content\/uploads\/2023\/07\/business-teamwork-join-hands-together-business-teamwork-concept_350.jpg');\n        background-size: cover;\n        background-position: center;\n        background-repeat: no-repeat;\n      \"\n    ><\/div>\n\n    <div\n      class=\"carousel-item\"\n      style=\"\n        height: 300px;\n        background-image: url('https:\/\/candle-events.com\/fr\/wp-content\/uploads\/2023\/07\/img-00011.jpg');\n        background-size: cover;\n        background-position: center;\n        background-repeat: no-repeat;\n      \"\n    ><\/div>\n\n    <div\n      class=\"carousel-item\"\n      style=\"\n        height: 300px;\n        background-image: url('https:\/\/candle-events.com\/fr\/wp-content\/uploads\/2023\/07\/img-00012.jpg');\n        background-size: cover;\n        background-position: center;\n        background-repeat: no-repeat;\n      \"\n    ><\/div>\n\n    <div\n      class=\"carousel-item\"\n      style=\"\n        height: 300px;\n        background-image: url('https:\/\/candle-events.com\/fr\/wp-content\/uploads\/2023\/07\/img-00013.jpg');\n        background-size: cover;\n        background-position: center;\n        background-repeat: no-repeat;\n      \"\n    ><\/div>\n  <\/div>\n<\/div>\n<\/div>\n\n\n\n<div class=\"wp-block-column is-vertically-aligned-center is-layout-flow wp-block-column-is-layout-flow\" style=\"flex-basis:66.66%\">\n<h3 class=\"wp-block-heading\">Offsite &amp; Teambuilding<\/h3>\n\n\n\n<p>Vivez une exp\u00e9rience unique avec nos activit\u00e9s de team building originales dans des lieux insolites autour du lac L\u00e9man, par exemple dans une propri\u00e9t\u00e9 mythique \u00e0 la riche histoire remontant aux ann\u00e9es 1800.<\/p>\n<\/div>\n<\/div>\n<\/div>\n\n\n\n<div class=\"wp-block-column is-layout-flow wp-block-column-is-layout-flow\" style=\"flex-basis:33.33%\">\n<div class=\"card p-3\" style=\"background: #EEE; border: none; border-radius: 30px\">\n<div class=\"card-body\">\n<div class=\"card-title\">\n\n\n\n<h3 class=\"wp-block-heading\">Nous sommes l\u00e0 pour soutenir votre \u00e9v\u00e9nement !<\/h3>\n\n\n\n<\/div>\n<div class=\"card-text\">\n\n\n\n<p>Contactez-nous en signalant une demande commerciale.<\/p>\n\n\n\n<div class=\"wp-block-buttons is-layout-flex wp-block-buttons-is-layout-flex\">\n<div class=\"wp-block-button has-custom-width wp-block-button__width-100\"><a class=\"wp-block-button__link wp-element-button\" href=\"https:\/\/candle-events.com\/fr\/contact\/\">Contactez-nous<\/a><\/div>\n<\/div>\n\n\n\n<\/div>\n<\/div>\n<\/div>\n<\/div>\n\n\n\n<\/div>\n","protected":false},"excerpt":{"rendered":"<p>Services Accueil &amp; Welcoming Vous avez besoin d&rsquo;un h\u00f4te et\/ou d&rsquo;une h\u00f4tesse pour accueillir les clients, g\u00e9rer les accr\u00e9ditations, le vestiaire ou tout autre service \u00e9v\u00e9nementiel suppl\u00e9mentaire? Candle-Events met \u00e0 votre disposition un personnel professionnel, exp\u00e9riment\u00e9 et motiv\u00e9. Promotion &amp; Marketing Si vous organisez un lancement de produit, une conf\u00e9rence, un atelier client ou une [&hellip;]<\/p>\n","protected":false},"author":1,"featured_media":0,"parent":0,"menu_order":0,"comment_status":"closed","ping_status":"closed","template":"","meta":{"footnotes":""},"class_list":["post-640","page","type-page","status-publish","hentry"],"_links":{"self":[{"href":"https:\/\/candle-events.com\/fr\/wp-json\/wp\/v2\/pages\/640","targetHints":{"allow":["GET"]}}],"collection":[{"href":"https:\/\/candle-events.com\/fr\/wp-json\/wp\/v2\/pages"}],"about":[{"href":"https:\/\/candle-events.com\/fr\/wp-json\/wp\/v2\/types\/page"}],"author":[{"embeddable":true,"href":"https:\/\/candle-events.com\/fr\/wp-json\/wp\/v2\/users\/1"}],"replies":[{"embeddable":true,"href":"https:\/\/candle-events.com\/fr\/wp-json\/wp\/v2\/comments?post=640"}],"version-history":[{"count":66,"href":"https:\/\/candle-events.com\/fr\/wp-json\/wp\/v2\/pages\/640\/revisions"}],"predecessor-version":[{"id":1357,"href":"https:\/\/candle-events.com\/fr\/wp-json\/wp\/v2\/pages\/640\/revisions\/1357"}],"wp:attachment":[{"href":"https:\/\/candle-events.com\/fr\/wp-json\/wp\/v2\/media?parent=640"}],"curies":[{"name":"wp","href":"https:\/\/api.w.org\/{rel}","templated":true}]}}