{"id":638,"date":"2023-07-14T12:01:45","date_gmt":"2023-07-14T16:01:45","guid":{"rendered":"https:\/\/candle-events.com\/fr\/?page_id=638"},"modified":"2023-07-27T18:51:05","modified_gmt":"2023-07-27T22:51:05","slug":"about-us","status":"publish","type":"page","link":"https:\/\/candle-events.com\/fr\/about-us\/","title":{"rendered":"Qui sommes nous"},"content":{"rendered":"\n<div style=\"height:50px\" aria-hidden=\"true\" class=\"wp-block-spacer\"><\/div>\n\n\n\n<div class=\"container\">\n\n\n\n<div class=\"wp-block-columns is-layout-flex wp-container-core-columns-is-layout-9d6595d7 wp-block-columns-is-layout-flex\">\n<div class=\"wp-block-column is-layout-flow wp-block-column-is-layout-flow\" style=\"flex-basis:66.66%\">\n<div\n    id=\"carouselExampleIndicators\"\n    class=\"carousel slide\"\nstyle=\"height: 60vh\"\n    data-bs-ride=\"carousel\"\n  >\n    <div class=\"carousel-indicators\">\n      <button\n        type=\"button\"\n        data-bs-target=\"#carouselExampleIndicators\"\n        data-bs-slide-to=\"0\"\n        class=\"active\"\n        aria-current=\"true\"\n        aria-label=\"Slide 1\"\n      ><\/button>\n      <button\n        type=\"button\"\n        data-bs-target=\"#carouselExampleIndicators\"\n        data-bs-slide-to=\"1\"\n        aria-label=\"Slide 2\"\n      ><\/button>\n      <button\n        type=\"button\"\n        data-bs-target=\"#carouselExampleIndicators\"\n        data-bs-slide-to=\"2\"\n        aria-label=\"Slide 3\"\n      ><\/button>\n    <\/div>\n    <div class=\"carousel-inner\">\n      <div\n        class=\"carousel-item active\"\n        style=\"\n          height: 60vh;\n          background-image: url('https:\/\/candle-events.com\/fr\/wp-content\/uploads\/2023\/07\/IMG_6814.jpg');\n          background-size: cover;\n          background-position: center;\n          background-repeat: no-repeat;\n          filter: sepia(25%);\n        \"\n      ><\/div>\n\n      <div\n        class=\"carousel-item\"\n        style=\"\nheight: 60vh;          background-image: url('https:\/\/candle-events.com\/fr\/wp-content\/uploads\/2023\/07\/5.jpg');\n          background-size: cover;\n          background-position: top center;\n          background-repeat: no-repeat;\n        \"\n      ><\/div>\n\n      <div\n        class=\"carousel-item\"\n        style=\"\nheight: 60vh;          background-image: url('https:\/\/candle-events.com\/fr\/wp-content\/uploads\/2023\/07\/14233528345846060119.jpg');\n          background-size: cover;\n          background-position: center;\n          background-repeat: no-repeat;\n          filter: sepia(25%);\n        \"\n      ><\/div>\n      <button\n        class=\"carousel-control-prev\"\n        type=\"button\"\n        data-bs-target=\"#carouselExampleIndicators\"\n        data-bs-slide=\"prev\"\n      >\n        <span class=\"carousel-control-prev-icon\" aria-hidden=\"true\"><\/span>\n        <span class=\"visually-hidden\">Previous<\/span>\n      <\/button>\n      <button\n        class=\"carousel-control-next\"\n        type=\"button\"\n        data-bs-target=\"#carouselExampleIndicators\"\n        data-bs-slide=\"next\"\n      >\n        <span class=\"carousel-control-next-icon\" aria-hidden=\"true\"><\/span>\n        <span class=\"visually-hidden\">Next<\/span>\n      <\/button>\n    <\/div>\n  <\/div>\n\n\n\n<div style=\"height:25px\" aria-hidden=\"true\" class=\"wp-block-spacer\"><\/div>\n\n\n\n<h1 class=\"wp-block-heading\">Qui sommes nous?<\/h1>\n\n\n\n<div style=\"height:25px\" aria-hidden=\"true\" class=\"wp-block-spacer\"><\/div>\n\n\n\n<p>Chez CANDLE-EVENTS, nous r\u00e9unissons la beaut\u00e9 humaine avec l&rsquo;excellence du service pour votre congr\u00e8s, exposition, conf\u00e9rence ou team building. Cr\u00e9atifs, jeunes, multilingues et agiles, nous donnons \u00e0 chaque membre de l&rsquo;\u00e9quipe le meilleur de nos comp\u00e9tences et de notre expertise pour avoir un impact positif sur votre \u00e9v\u00e9nement.<\/p>\n\n\n\n<p>Nous avons h\u00e2te de travailler avec vous!<\/p>\n\n\n\n<div style=\"height:30px\" aria-hidden=\"true\" class=\"wp-block-spacer\"><\/div>\n<\/div>\n\n\n\n<div class=\"wp-block-column position-relative has-sticky is-layout-flow wp-block-column-is-layout-flow\" style=\"flex-basis:33.33%\">\n<div class=\"card p-3\" style=\"background: #EEE; border: none; border-radius: 30px\">\n<div class=\"card-body\">\n<div class=\"card-title\">\n\n\n\n<h3 class=\"wp-block-heading\">Nous sommes l\u00e0 pour soutenir votre \u00e9v\u00e9nement !<\/h3>\n\n\n\n<\/div>\n<div class=\"card-text\">\n\n\n\n<p>Contactez-nous et profitez de notre expertise.<\/p>\n\n\n\n<div class=\"wp-block-buttons is-layout-flex wp-block-buttons-is-layout-flex\">\n<div class=\"wp-block-button has-custom-width wp-block-button__width-100\"><a class=\"wp-block-button__link wp-element-button\" href=\"https:\/\/candle-events.com\/fr\/contact\/\">Contactez-nous<\/a><\/div>\n<\/div>\n\n\n\n<\/div>\n<\/div>\n<\/div>\n\n\n\n<div style=\"background: #EEE; border-radius: 50px\" class=\"px-4 mt-5\">\n\n\n\n<div style=\"height:50px\" aria-hidden=\"true\" class=\"wp-block-spacer\"><\/div>\n\n\n\n<p class=\"has-text-align-center\">\u00ab\u00a0Nous croyons que la qualit\u00e9 du contact humain peut faire toute la diff\u00e9rence pour votre \u00e9v\u00e9nement. La personnalisation individuelle du concept, les d\u00e9tails logistiques jusqu&rsquo;au meilleur choix de mod\u00e8le rendront votre \u00e9v\u00e9nement unique.\u00a0\u00bb<\/p>\n\n\n\n<div style=\"height:50px\" aria-hidden=\"true\" class=\"wp-block-spacer\"><\/div>\n\n\n\n<\/div>\n<\/div>\n<\/div>\n\n\n\n<div class=\"wp-block-columns is-layout-flex wp-container-core-columns-is-layout-9d6595d7 wp-block-columns-is-layout-flex\">\n<div class=\"wp-block-column is-layout-flow wp-block-column-is-layout-flow\">\n<h3 class=\"wp-block-heading\">Notre mission<\/h3>\n\n\n\n<div style=\"height:25px\" aria-hidden=\"true\" class=\"wp-block-spacer\"><\/div>\n\n\n\n<p>Notre mission est de fournir des services de personnel \u00e9v\u00e9nementiel exceptionnels qui am\u00e9liorent l&rsquo;exp\u00e9rience globale des clients.<\/p>\n\n\n\n<div class=\"wp-block-ultimate-post-advanced-list ultp-block-9d9409\"><ul class=\"ultp-list-wrapper ultp-list-layout1\">\n<li class=\"wp-block-ultimate-post-list ultp-block-61497b\"><div class=\"ultp-list-content\"><div class=\"ultp-listicon-bg\"><svg xmlns=\"http:\/\/www.w3.org\/2000\/svg\" viewBox=\"0 0 48 48\"><g><path d=\"M24 4.1A19.9 19.9 0 1 1 4.1 24 19.922 19.922 0 0 1 24 4.1M24 0a24 24 0 1 0 24 24A24 24 0 0 0 24 0\"><\/path><path d=\"M20.333 32.836a2.258 2.258 0 0 1-1.6-.664l-6.179-6.178a2.05 2.05 0 0 1 2.9-2.9l4.885 4.884 12.217-12.216a2.05 2.05 0 0 1 2.9 2.9l-13.51 13.51a2.259 2.259 0 0 1-1.6.664\"><\/path><\/g><\/svg><\/div><div class=\"ultp-list-title\">Nous nous effor\u00e7ons de fournir des h\u00f4tesses professionnelles, fiables et amicales qui connaissent les marques de nos clients et peuvent les repr\u00e9senter efficacement lors d&rsquo;\u00e9v\u00e9nements.<\/div><\/div><\/li>\n\n\n\n<li class=\"wp-block-ultimate-post-list ultp-block-a5c1af\"><div class=\"ultp-list-content\"><div class=\"ultp-listicon-bg\"><svg xmlns=\"http:\/\/www.w3.org\/2000\/svg\" viewBox=\"0 0 48 48\"><g><path d=\"M24 4.1A19.9 19.9 0 1 1 4.1 24 19.922 19.922 0 0 1 24 4.1M24 0a24 24 0 1 0 24 24A24 24 0 0 0 24 0\"><\/path><path d=\"M20.333 32.836a2.258 2.258 0 0 1-1.6-.664l-6.179-6.178a2.05 2.05 0 0 1 2.9-2.9l4.885 4.884 12.217-12.216a2.05 2.05 0 0 1 2.9 2.9l-13.51 13.51a2.259 2.259 0 0 1-1.6.664\"><\/path><\/g><\/svg><\/div><div class=\"ultp-list-title\">Notre objectif est de d\u00e9passer les attentes de nos clients en fournissant des solutions de dotation personnalis\u00e9es qui r\u00e9pondent \u00e0 leurs besoins sp\u00e9cifiques et contribuent au succ\u00e8s de leurs \u00e9v\u00e9nements.<\/div><\/div><\/li>\n\n\n\n<li class=\"wp-block-ultimate-post-list ultp-block-8b90a9\"><div class=\"ultp-list-content\"><div class=\"ultp-listicon-bg\"><svg xmlns=\"http:\/\/www.w3.org\/2000\/svg\" viewBox=\"0 0 48 48\"><g><path d=\"M24 4.1A19.9 19.9 0 1 1 4.1 24 19.922 19.922 0 0 1 24 4.1M24 0a24 24 0 1 0 24 24A24 24 0 0 0 24 0\"><\/path><path d=\"M20.333 32.836a2.258 2.258 0 0 1-1.6-.664l-6.179-6.178a2.05 2.05 0 0 1 2.9-2.9l4.885 4.884 12.217-12.216a2.05 2.05 0 0 1 2.9 2.9l-13.51 13.51a2.259 2.259 0 0 1-1.6.664\"><\/path><\/g><\/svg><\/div><div class=\"ultp-list-title\">Nous nous engageons \u00e0 \u00e9tablir des relations durables avec nos clients et h\u00f4tesses bas\u00e9es sur la confiance, le respect et une communication ouverte.<\/div><\/div><\/li>\n<\/ul><\/div>\n<\/div>\n\n\n\n<div class=\"wp-block-column is-layout-flow wp-block-column-is-layout-flow\">\n<h3 class=\"wp-block-heading\">Comment nous travaillons?<\/h3>\n\n\n\n<div style=\"height:25px\" aria-hidden=\"true\" class=\"wp-block-spacer\"><\/div>\n\n\n\n<figure class=\"wp-block-embed is-type-video is-provider-youtube wp-block-embed-youtube wp-embed-aspect-16-9 wp-has-aspect-ratio\"><div class=\"wp-block-embed__wrapper\">\n<iframe loading=\"lazy\" title=\"candle agency\" width=\"640\" height=\"360\" src=\"https:\/\/www.youtube.com\/embed\/dJsd-CW5qqE?feature=oembed\" frameborder=\"0\" allow=\"accelerometer; autoplay; clipboard-write; encrypted-media; gyroscope; picture-in-picture; web-share\" referrerpolicy=\"strict-origin-when-cross-origin\" allowfullscreen><\/iframe>\n<\/div><\/figure>\n<\/div>\n<\/div>\n\n\n\n<div style=\"height:50px\" aria-hidden=\"true\" class=\"wp-block-spacer\"><\/div>\n\n\n\n<\/div>\n","protected":false},"excerpt":{"rendered":"<p>Previous Next Qui sommes nous? Chez CANDLE-EVENTS, nous r\u00e9unissons la beaut\u00e9 humaine avec l&rsquo;excellence du service pour votre congr\u00e8s, exposition, conf\u00e9rence ou team building. Cr\u00e9atifs, jeunes, multilingues et agiles, nous donnons \u00e0 chaque membre de l&rsquo;\u00e9quipe le meilleur de nos comp\u00e9tences et de notre expertise pour avoir un impact positif sur votre \u00e9v\u00e9nement. Nous avons [&hellip;]<\/p>\n","protected":false},"author":1,"featured_media":0,"parent":0,"menu_order":0,"comment_status":"closed","ping_status":"closed","template":"","meta":{"footnotes":""},"class_list":["post-638","page","type-page","status-publish","hentry"],"_links":{"self":[{"href":"https:\/\/candle-events.com\/fr\/wp-json\/wp\/v2\/pages\/638","targetHints":{"allow":["GET"]}}],"collection":[{"href":"https:\/\/candle-events.com\/fr\/wp-json\/wp\/v2\/pages"}],"about":[{"href":"https:\/\/candle-events.com\/fr\/wp-json\/wp\/v2\/types\/page"}],"author":[{"embeddable":true,"href":"https:\/\/candle-events.com\/fr\/wp-json\/wp\/v2\/users\/1"}],"replies":[{"embeddable":true,"href":"https:\/\/candle-events.com\/fr\/wp-json\/wp\/v2\/comments?post=638"}],"version-history":[{"count":108,"href":"https:\/\/candle-events.com\/fr\/wp-json\/wp\/v2\/pages\/638\/revisions"}],"predecessor-version":[{"id":1363,"href":"https:\/\/candle-events.com\/fr\/wp-json\/wp\/v2\/pages\/638\/revisions\/1363"}],"wp:attachment":[{"href":"https:\/\/candle-events.com\/fr\/wp-json\/wp\/v2\/media?parent=638"}],"curies":[{"name":"wp","href":"https:\/\/api.w.org\/{rel}","templated":true}]}}