{"id":1099,"date":"2023-07-18T12:41:30","date_gmt":"2023-07-18T16:41:30","guid":{"rendered":"https:\/\/candle-events.com\/fr\/?page_id=1099"},"modified":"2023-07-24T14:40:46","modified_gmt":"2023-07-24T18:40:46","slug":"terms-and-conditions","status":"publish","type":"page","link":"https:\/\/candle-events.com\/fr\/terms-and-conditions\/","title":{"rendered":"Termes et conditions"},"content":{"rendered":"\n<div class=\"container\">\n\n\n\n<div style=\"height:50px\" aria-hidden=\"true\" class=\"wp-block-spacer\"><\/div>\n\n\n\n<h2 class=\"wp-block-heading has-text-align-center\">Termes et conditions<\/h2>\n\n\n\n<div style=\"height:25px\" aria-hidden=\"true\" class=\"wp-block-spacer\"><\/div>\n\n\n\n<p>Bienvenue sur Candle-events.com. Candle (\u00ab\u00a0Candle Events\u00a0\u00bb) vous fournit des services et des fonctionnalit\u00e9s de site Web sous r\u00e9serve des termes et conditions suivants. SI VOUS VISITEZ Candle-events.com, VOUS ACCEPTEZ CES TERMES ET CONDITIONS. Veuillez lire attentivement les termes et conditions suivants avant d&rsquo;utiliser ce site Web. Si vous n&rsquo;acceptez pas ces termes et conditions, veuillez ne pas utiliser ce site Web.<\/p>\n\n\n\n<h2 class=\"wp-block-heading\">Confidentialit\u00e9 et s\u00e9curit\u00e9<\/h2>\n\n\n\n<p>Veuillez consulter notre politique de confidentialit\u00e9 et de s\u00e9curit\u00e9, qui r\u00e9git \u00e9galement votre visite sur Candle-events.com, pour comprendre comment nous utilisons et prot\u00e9geons les informations que vous pourriez nous fournir lorsque vous utilisez Candle-events.com.<\/p>\n\n\n\n<h2 class=\"wp-block-heading\">Droits d&rsquo;auteur<\/h2>\n\n\n\n<p>L&rsquo;int\u00e9gralit\u00e9 du contenu inclus dans ce site Web, y compris, mais sans s&rsquo;y limiter, le texte, les graphiques, les logos, les ic\u00f4nes de bouton, les images, les clips audio, les t\u00e9l\u00e9chargements num\u00e9riques, les compilations de donn\u00e9es et les logiciels est prot\u00e9g\u00e9 par le droit d&rsquo;auteur en tant qu&rsquo;\u0153uvre collective en vertu des lois internationales sur le droit d&rsquo;auteur et est la propri\u00e9t\u00e9 de Candle events.com. L&rsquo;\u0153uvre collective comprend des \u0153uvres qui sont licenci\u00e9es aux \u00e9v\u00e9nements Candle. Toute utilisation, y compris, mais sans s&rsquo;y limiter, la reproduction, la distribution, l&rsquo;affichage ou la transmission du contenu de ce site Web est strictement interdite, sauf autorisation \u00e9crite de Candle events.<\/p>\n\n\n\n<h2 class=\"wp-block-heading\">Marques<\/h2>\n\n\n\n<p>Sauf indication contraire, les noms, dessins et logos de ce site Web sont des marques de commerce, des marques de service ou des noms commerciaux de Candle events. Toutes les autres marques d\u00e9pos\u00e9es et non d\u00e9pos\u00e9es sont la propri\u00e9t\u00e9 de leurs propri\u00e9taires respectifs. Toute utilisation des marques de commerce, des marques de service ou des noms commerciaux de Candle events sur ce site Web est strictement interdite, sauf autorisation \u00e9crite de Candle events.<\/p>\n\n\n\n<h2 class=\"wp-block-heading\">D\u00e9claration de garantie<\/h2>\n\n\n\n<p>Ce site Web et les mat\u00e9riaux et produits sur ce site Web sont fournis \u00ab\u00a0tels quels\u00a0\u00bb et sans garantie d&rsquo;aucune sorte, expresse ou implicite. Dans toute la mesure permise par la loi applicable, Candle events d\u00e9cline toute garantie, expresse ou implicite, y compris, mais sans s&rsquo;y limiter, les garanties implicites de qualit\u00e9 marchande et d&rsquo;ad\u00e9quation \u00e0 un usage particulier et d&rsquo;absence de contrefa\u00e7on. Candle events ne repr\u00e9sente ni ne garantit que les fonctions contenues dans ce site Web seront ininterrompues ou sans erreur, que les d\u00e9fauts seront corrig\u00e9s ou que ce site Web ou le serveur qui rend ce site Web disponible sont exempts de virus ou d&rsquo;autres composants nuisibles. Candle events ne fait aucune garantie ou repr\u00e9sentation concernant l&rsquo;utilisation du mat\u00e9riel de ce site Web en termes d&rsquo;exactitude, de pr\u00e9cision, d&rsquo;ad\u00e9quation, d&rsquo;utilit\u00e9, d&rsquo;actualit\u00e9, de fiabilit\u00e9 ou autre. Certains \u00c9tats n&rsquo;autorisent pas les limitations ou les exclusions de garantie, de sorte que les limitations ci-dessus peuvent ne pas s&rsquo;appliquer \u00e0 vous.<\/p>\n\n\n\n<h2 class=\"wp-block-heading\">Limitation de responsabilit\u00e9<\/h2>\n\n\n\n<p>Candle events, ses dirigeants, administrateurs, employ\u00e9s, agents, conc\u00e9dants et fournisseurs ne seront pas responsables des dommages r\u00e9sultant de l&rsquo;utilisation ou de l&rsquo;impossibilit\u00e9 d&rsquo;utiliser les \u00e9l\u00e9ments de ce site Web ou de la performance des produits, m\u00eame si Candle events a \u00e9t\u00e9 inform\u00e9 de la possibilit\u00e9 de tels dommages. Certaines lois d&rsquo;\u00c9tat peuvent ne pas autoriser la limitation ou l&rsquo;exclusion de responsabilit\u00e9 ou de dommages accessoires ou cons\u00e9cutifs, de sorte que la limitation ou l&rsquo;exclusion ci-dessus peut ne pas s&rsquo;appliquer \u00e0 vous, et vous pouvez avoir des droits suppl\u00e9mentaires.<\/p>\n\n\n\n<h2 class=\"wp-block-heading\">Des erreurs typographiques<\/h2>\n\n\n\n<p>Dans le cas o\u00f9 un produit Candle events serait list\u00e9 par erreur \u00e0 un prix incorrect, Candle events se r\u00e9serve le droit de refuser ou d&rsquo;annuler toute commande pass\u00e9e pour un produit list\u00e9 au prix incorrect. Candle events se r\u00e9serve le droit de refuser ou d&rsquo;annuler de telles commandes, que la commande ait \u00e9t\u00e9 confirm\u00e9e ou non et que votre carte de cr\u00e9dit ait \u00e9t\u00e9 d\u00e9bit\u00e9e ou non. Si votre carte de cr\u00e9dit a d\u00e9j\u00e0 \u00e9t\u00e9 d\u00e9bit\u00e9e pour l&rsquo;achat et que votre commande est annul\u00e9e, Candle events cr\u00e9ditera votre compte de carte de cr\u00e9dit du montant du prix incorrect.<\/p>\n\n\n\n<h2 class=\"wp-block-heading\">R\u00e9siliation des termes et conditions<\/h2>\n\n\n\n<p>Ces termes et conditions, ou une partie de ceux-ci, peuvent \u00eatre r\u00e9sili\u00e9s par Candle events sans pr\u00e9avis \u00e0 tout moment, pour quelque raison que ce soit. Les dispositions relatives aux droits d&rsquo;auteur, aux marques de commerce, \u00e0 l&rsquo;exclusion de garantie, \u00e0 la limitation de responsabilit\u00e9, \u00e0 la loi applicable et \u00e0 l&rsquo;indemnisation survivront \u00e0 toute r\u00e9siliation.<\/p>\n\n\n\n<h2 class=\"wp-block-heading\">Avis<\/h2>\n\n\n\n<p>Candle events peut vous envoyer un avis par e-mail, un avis g\u00e9n\u00e9ral sur le site Web ou par tout autre moyen fiable \u00e0 l&rsquo;adresse que vous avez fournie \u00e0 Candle events.<\/p>\n\n\n\n<h2 class=\"wp-block-heading\">Utilisation du site Web<\/h2>\n\n\n\n<p>Le harc\u00e8lement de quelque mani\u00e8re ou forme que ce soit sur le site Web, y compris par e-mail, chat ou par l&rsquo;utilisation d&rsquo;un langage obsc\u00e8ne ou abusif, est strictement interdit. L&rsquo;usurpation d&rsquo;identit\u00e9 d&rsquo;autrui, y compris d&rsquo;un \u00e9v\u00e9nement Candle ou d&rsquo;un autre employ\u00e9, h\u00f4te ou repr\u00e9sentant agr\u00e9\u00e9, ainsi que d&rsquo;autres membres ou visiteurs de ce site Web est interdite. Vous ne pouvez pas t\u00e9l\u00e9charger, distribuer ou autrement publier sur ce site Web tout contenu calomnieux, diffamatoire, obsc\u00e8ne, mena\u00e7ant, portant atteinte \u00e0 la vie priv\u00e9e ou aux droits de publicit\u00e9, abusif, ill\u00e9gal ou autrement r\u00e9pr\u00e9hensible qui pourrait constituer ou encourager une infraction p\u00e9nale, violer les droits de toute partie ou qui pourrait autrement engager la responsabilit\u00e9 ou violer toute loi. Vous ne pouvez pas t\u00e9l\u00e9charger de contenu commercial sur ce site Web ou utiliser ce site Web pour solliciter d&rsquo;autres personnes \u00e0 rejoindre ou \u00e0 devenir membres de tout autre service commercial en ligne ou autre organisation.<\/p>\n\n\n\n<h2 class=\"wp-block-heading\">Avis de non-responsabilit\u00e9<\/h2>\n\n\n\n<p>Candle events n&rsquo;examine pas et ne peut pas examiner toutes les communications et tous les documents publi\u00e9s ou cr\u00e9\u00e9s par les utilisateurs acc\u00e9dant \u00e0 ce site Web, et n&rsquo;est en aucun cas responsable du contenu de ces communications et de ces documents. Vous reconnaissez qu&rsquo;en nous donnant la possibilit\u00e9 de visualiser et de distribuer le contenu g\u00e9n\u00e9r\u00e9 par les utilisateurs sur ce site Web, Candle events agit simplement comme un conduit passif pour une telle distribution et n&rsquo;assume aucune obligation ou responsabilit\u00e9 concernant tout contenu ou activit\u00e9 sur ce site Web. Cependant, Candle Events se r\u00e9serve le droit de bloquer ou de supprimer les communications ou les \u00e9l\u00e9ments qu&rsquo;il juge \u00eatre (a) abusifs, diffamatoires ou obsc\u00e8nes, (b) frauduleux, trompeurs ou trompeurs, (c) en violation d&rsquo;un droit d&rsquo;auteur, d&rsquo;une marque ou d&rsquo;un autre droit de propri\u00e9t\u00e9 intellectuelle d&rsquo;autrui ou (d) offensants ou autrement inacceptables pour Candle Events \u00e0 sa seule discr\u00e9tion.<\/p>\n\n\n\n<h2 class=\"wp-block-heading\">Applicable Law<\/h2>\n\n\n\n<p>This website is created, controlled and maintained by Candle events in Switzerland. Accordingly, the laws of Switzerland shall in all events govern any disputes relating to this website, including those relating to any transaction conducted hereon, and shall likewise govern the terms, conditions, disclaimers, policies and notices contained herein, all without giving effect to any conflict of laws principles. Candle events makes no representations as to the compliance of this website or its terms and conditions with any applicable law. If you choose to access this website from outside of the Switzerland you do so at your own risk and are responsible for compliance with all applicable laws. You may not use this website in violation of Switzerland export laws. By using this website, including by virtue of purchasing products hereon, you agree to submit to the jurisdiction of Switzerland and agree that it shall serve as the sole and exclusive venue for any disputes relating to this website. Any claim or cause of action brought by you with respect to matters related to this website, including these terms and conditions, must be brought in a state or federal court located in Switzerland and must be commenced no later than one year after the claim arises. If any provision of these terms and conditions is deemed to be void, unlawful or unenforceable for any reason, all other provisions contained herein shall remain in full force and effect. These terms and conditions constitute the entire agreement as to matters relating to this website.<\/p>\n\n\n\n<h2 class=\"wp-block-heading\">Indemnit\u00e9<\/h2>\n\n\n\n<p>Vous acceptez d&rsquo;indemniser, de d\u00e9fendre et d&rsquo;exon\u00e9rer Candle Events, ses dirigeants, administrateurs, employ\u00e9s, agents, conc\u00e9dants et fournisseurs de et contre toutes pertes, d\u00e9penses, dommages et co\u00fbts, y compris les honoraires d&rsquo;avocat raisonnables, r\u00e9sultant de toute violation de ces termes et conditions ou de toute activit\u00e9 li\u00e9e \u00e0 vous ou \u00e0 toute autre personne acc\u00e9dant \u00e0 ce site Web.<\/p>\n\n\n\n<h2 class=\"wp-block-heading\">Liens tiers<\/h2>\n\n\n\n<p>Dans le but d&rsquo;offrir une valeur ajout\u00e9e \u00e0 nos visiteurs, les \u00e9v\u00e9nements Candle peuvent \u00eatre li\u00e9s \u00e0 des sites exploit\u00e9s par des tiers. Cependant, m\u00eame si le tiers est affili\u00e9 \u00e0 Candle events, Candle events n&rsquo;a aucun contr\u00f4le sur ces sites li\u00e9s, qui ont tous des pratiques de confidentialit\u00e9 et de collecte de donn\u00e9es distinctes, ind\u00e9pendantes de Candle events. Ces sites li\u00e9s ne sont l\u00e0 que pour votre commodit\u00e9 et vous y acc\u00e9dez donc \u00e0 vos risques et p\u00e9rils. N\u00e9anmoins, Candle events cherche \u00e0 prot\u00e9ger l&rsquo;int\u00e9grit\u00e9 de son site Web et des liens qui y sont plac\u00e9s et demande donc des commentaires non seulement sur son propre site, mais \u00e9galement sur les sites auxquels il renvoie (y compris si un lien sp\u00e9cifique ne fonctionne pas).<\/p>\n\n\n\n<div style=\"height:50px\" aria-hidden=\"true\" class=\"wp-block-spacer\"><\/div>\n\n\n\n<\/div>\n","protected":false},"excerpt":{"rendered":"<p>Termes et conditions Bienvenue sur Candle-events.com. Candle (\u00ab\u00a0Candle Events\u00a0\u00bb) vous fournit des services et des fonctionnalit\u00e9s de site Web sous r\u00e9serve des termes et conditions suivants. SI VOUS VISITEZ Candle-events.com, VOUS ACCEPTEZ CES TERMES ET CONDITIONS. Veuillez lire attentivement les termes et conditions suivants avant d&rsquo;utiliser ce site Web. Si vous n&rsquo;acceptez pas ces termes [&hellip;]<\/p>\n","protected":false},"author":1,"featured_media":0,"parent":0,"menu_order":0,"comment_status":"closed","ping_status":"closed","template":"","meta":{"footnotes":""},"class_list":["post-1099","page","type-page","status-publish","hentry"],"_links":{"self":[{"href":"https:\/\/candle-events.com\/fr\/wp-json\/wp\/v2\/pages\/1099","targetHints":{"allow":["GET"]}}],"collection":[{"href":"https:\/\/candle-events.com\/fr\/wp-json\/wp\/v2\/pages"}],"about":[{"href":"https:\/\/candle-events.com\/fr\/wp-json\/wp\/v2\/types\/page"}],"author":[{"embeddable":true,"href":"https:\/\/candle-events.com\/fr\/wp-json\/wp\/v2\/users\/1"}],"replies":[{"embeddable":true,"href":"https:\/\/candle-events.com\/fr\/wp-json\/wp\/v2\/comments?post=1099"}],"version-history":[{"count":3,"href":"https:\/\/candle-events.com\/fr\/wp-json\/wp\/v2\/pages\/1099\/revisions"}],"predecessor-version":[{"id":1250,"href":"https:\/\/candle-events.com\/fr\/wp-json\/wp\/v2\/pages\/1099\/revisions\/1250"}],"wp:attachment":[{"href":"https:\/\/candle-events.com\/fr\/wp-json\/wp\/v2\/media?parent=1099"}],"curies":[{"name":"wp","href":"https:\/\/api.w.org\/{rel}","templated":true}]}}