{"id":1002,"date":"2023-07-17T16:19:49","date_gmt":"2023-07-17T20:19:49","guid":{"rendered":"https:\/\/candle-events.com\/fr\/?page_id=1002"},"modified":"2023-07-27T16:28:33","modified_gmt":"2023-07-27T20:28:33","slug":"career","status":"publish","type":"page","link":"https:\/\/candle-events.com\/fr\/career\/","title":{"rendered":"Carri\u00e8res"},"content":{"rendered":"\n<div style=\"background: #EEE\">\n\n\n\n<div style=\"height:50px\" aria-hidden=\"true\" class=\"wp-block-spacer\"><\/div>\n\n\n\n<div class=\"container\">\n\n\n\n<h2 class=\"wp-block-heading\">Carri\u00e8res<\/h2>\n\n\n\n<\/div>\n\n\n\n<div style=\"height:50px\" aria-hidden=\"true\" class=\"wp-block-spacer\"><\/div>\n\n\n\n<\/div>\n<div class=\"container-fluid p-0\">\n\n\n\n<div class=\"wp-block-columns m-0 p-0 is-layout-flex wp-container-core-columns-is-layout-9d6595d7 wp-block-columns-is-layout-flex\">\n<div class=\"wp-block-column is-vertically-aligned-center px-5 is-layout-flow wp-block-column-is-layout-flow\">\n<h3 class=\"wp-block-heading\">Vous souhaitez rejoindre notre \u00e9quipe?<\/h3>\n\n\n\n<div style=\"height:50px\" aria-hidden=\"true\" class=\"wp-block-spacer\"><\/div>\n\n\n\n<p>Candidats,<\/p>\n\n\n\n<p><br>Si vous avez un permis de travail suisse, avez entre 18 et 45 ans, parlez couramment au moins trois langues \u00e9trang\u00e8res, \u00eates motiv\u00e9, avez l&rsquo;esprit d&rsquo;\u00e9quipe et le sens de l&rsquo;organisation, nous serions ravis d&rsquo;avoir de vos nouvelles&nbsp;!<\/p>\n\n\n\n<p>Envoyez-nous un e-mail avec votre CV et deux photos (Une portrait et une photo du corps entier) \u00e0:<\/p>\n\n\n\n<div style=\"height:25px\" aria-hidden=\"true\" class=\"wp-block-spacer\"><\/div>\n\n\n\n<div style=\"margin: 15px 0; display: block\">\n<div class=\"has-icon\">\n          <img decoding=\"async\"\n            src=\"https:\/\/candle-events.com\/wp-content\/uploads\/2023\/07\/mail-black.svg\"\n          \/>\n          <span><a href=\"mailto:info@candle-events.com\" style=\"text-decoration: none; color: #000\">info@candle-events.com<\/a><\/span>\n        <\/div>\n<\/div>\n\n\n\n<div style=\"height:35px\" aria-hidden=\"true\" class=\"wp-block-spacer\"><\/div>\n<\/div>\n\n\n\n<div class=\"wp-block-column is-vertically-aligned-top is-layout-flow wp-block-column-is-layout-flow\">\n<figure class=\"wp-block-image size-large\"><img loading=\"lazy\" decoding=\"async\" width=\"768\" height=\"1024\" src=\"https:\/\/candle-events.com\/fr\/wp-content\/uploads\/2023\/07\/Candle-0180-768x1024.jpg\" alt=\"\" class=\"wp-image-1006\" srcset=\"https:\/\/candle-events.com\/fr\/wp-content\/uploads\/2023\/07\/Candle-0180-768x1024.jpg 768w, https:\/\/candle-events.com\/fr\/wp-content\/uploads\/2023\/07\/Candle-0180-225x300.jpg 225w, https:\/\/candle-events.com\/fr\/wp-content\/uploads\/2023\/07\/Candle-0180-1152x1536.jpg 1152w, https:\/\/candle-events.com\/fr\/wp-content\/uploads\/2023\/07\/Candle-0180-1536x2048.jpg 1536w, https:\/\/candle-events.com\/fr\/wp-content\/uploads\/2023\/07\/Candle-0180.jpg 1800w\" sizes=\"auto, (max-width: 768px) 100vw, 768px\" \/><\/figure>\n<\/div>\n<\/div>\n\n\n\n<\/div>\n","protected":false},"excerpt":{"rendered":"<p>Carri\u00e8res Vous souhaitez rejoindre notre \u00e9quipe? Candidats, Si vous avez un permis de travail suisse, avez entre 18 et 45 ans, parlez couramment au moins trois langues \u00e9trang\u00e8res, \u00eates motiv\u00e9, avez l&rsquo;esprit d&rsquo;\u00e9quipe et le sens de l&rsquo;organisation, nous serions ravis d&rsquo;avoir de vos nouvelles&nbsp;! Envoyez-nous un e-mail avec votre CV et deux photos (Une [&hellip;]<\/p>\n","protected":false},"author":1,"featured_media":0,"parent":0,"menu_order":0,"comment_status":"closed","ping_status":"closed","template":"","meta":{"footnotes":""},"class_list":["post-1002","page","type-page","status-publish","hentry"],"_links":{"self":[{"href":"https:\/\/candle-events.com\/fr\/wp-json\/wp\/v2\/pages\/1002","targetHints":{"allow":["GET"]}}],"collection":[{"href":"https:\/\/candle-events.com\/fr\/wp-json\/wp\/v2\/pages"}],"about":[{"href":"https:\/\/candle-events.com\/fr\/wp-json\/wp\/v2\/types\/page"}],"author":[{"embeddable":true,"href":"https:\/\/candle-events.com\/fr\/wp-json\/wp\/v2\/users\/1"}],"replies":[{"embeddable":true,"href":"https:\/\/candle-events.com\/fr\/wp-json\/wp\/v2\/comments?post=1002"}],"version-history":[{"count":30,"href":"https:\/\/candle-events.com\/fr\/wp-json\/wp\/v2\/pages\/1002\/revisions"}],"predecessor-version":[{"id":1351,"href":"https:\/\/candle-events.com\/fr\/wp-json\/wp\/v2\/pages\/1002\/revisions\/1351"}],"wp:attachment":[{"href":"https:\/\/candle-events.com\/fr\/wp-json\/wp\/v2\/media?parent=1002"}],"curies":[{"name":"wp","href":"https:\/\/api.w.org\/{rel}","templated":true}]}}